{"id":18,"date":"2016-10-24T17:39:20","date_gmt":"2016-10-24T17:39:20","guid":{"rendered":"http:\/\/rentasvacacionalesmazatlan.com\/?page_id=18"},"modified":"2019-01-23T16:49:03","modified_gmt":"2019-01-23T16:49:03","slug":"propiedades","status":"publish","type":"page","link":"https:\/\/rentasvacacionalesmazatlan.com\/index.php\/propiedades\/","title":{"rendered":"Inicio"},"content":{"rendered":"\n<ins class=\"bookingaff\" data-aid=\"1658562\" data-target_aid=\"1658562\" data-prod=\"dfl2\" data-width=\"100%\" data-height=\"auto\" data-lang=\"es\" data-dest_id=\"-1682941\" data-dest_type=\"city\" data-df_num_properties=\"5\">\n    <!-- Anything inside will go away once widget is loaded. -->\n        <a href=\"\/\/www.booking.com?aid=1658562\">Booking.com<\/a>\n<\/ins>\n<script type=\"text\/javascript\">\n    (function(d, sc, u) {\n      var s = d.createElement(sc), p = d.getElementsByTagName(sc)[0];\n      s.type = 'text\/javascript';\n      s.async = true;\n      s.src = u + '?v=' + (+new Date());\n      p.parentNode.insertBefore(s,p);\n      })(document, 'script', '\/\/aff.bstatic.com\/static\/affiliate_base\/js\/flexiproduct.js');\n<\/script>\n\n\n<div id='gallery-2' class='gallery galleryid-18 gallery-columns-2 gallery-size-thumbnail'><figure class='gallery-item'>\n\t\t\t<div class='gallery-icon landscape'>\n\t\t\t\t<a href=\"https:\/\/rentasvacacionalesmazatlan.com\/index.php\/catalogo-de-propiedades\/\" class=\"no-lightbox\"><img loading=\"lazy\" decoding=\"async\" width=\"150\" height=\"150\" src=\"https:\/\/rentasvacacionalesmazatlan.com\/wp-content\/uploads\/2016\/11\/marina-150x150.jpg\" class=\"attachment-thumbnail size-thumbnail\" alt=\"\" aria-describedby=\"gallery-2-62\" \/><\/a>\n\t\t\t<\/div>\n\t\t\t\t<figcaption class='wp-caption-text gallery-caption' id='gallery-2-62'>\n\t\t\t\t<br><b>Catalogo de Propiedades<\/b><\/br>Compara entre nuestro amplio catalogo, casas y departamentos vacacionales de lujo para vivir una experiencia \u00fanica.\n\t\t\t\t<\/figcaption><\/figure><figure class='gallery-item'>\n\t\t\t<div class='gallery-icon landscape'>\n\t\t\t\t<a href=\"https:\/\/rentasvacacionalesmazatlan.com\/index.php\/reserva-online\/\" class=\"no-lightbox\"><img loading=\"lazy\" decoding=\"async\" width=\"150\" height=\"150\" src=\"https:\/\/rentasvacacionalesmazatlan.com\/wp-content\/uploads\/2018\/10\/online-hotel-booking.jpg-150x150.jpg\" class=\"attachment-thumbnail size-thumbnail\" alt=\"\" aria-describedby=\"gallery-2-278\" \/><\/a>\n\t\t\t<\/div>\n\t\t\t\t<figcaption class='wp-caption-text gallery-caption' id='gallery-2-278'>\n\t\t\t\t<br><b>Reserva Online<\/b><\/br>Utiliza nuestro Buscador R\u00e1pido, Compara Precios y Elige TU MEJOR OPCI\u00d3N. Tenemos Hasta 18 meses SIN INTERESES. Busca los mejores hoteles, casas y departamentos vacacionales en Mazatlan .\n\t\t\t\t<\/figcaption><\/figure><figure class='gallery-item'>\n\t\t\t<div class='gallery-icon landscape'>\n\t\t\t\t<a href=\"https:\/\/rentasvacacionalesmazatlan.com\/index.php\/nosotros\/\" class=\"no-lightbox\"><img loading=\"lazy\" decoding=\"async\" width=\"150\" height=\"150\" src=\"https:\/\/rentasvacacionalesmazatlan.com\/wp-content\/uploads\/2018\/10\/pw1UNyFO-300x300-150x150.png\" class=\"attachment-thumbnail size-thumbnail\" alt=\"\" aria-describedby=\"gallery-2-295\" srcset=\"https:\/\/rentasvacacionalesmazatlan.com\/wp-content\/uploads\/2018\/10\/pw1UNyFO-300x300-150x150.png 150w, https:\/\/rentasvacacionalesmazatlan.com\/wp-content\/uploads\/2018\/10\/pw1UNyFO-300x300.png 300w\" sizes=\"auto, (max-width: 150px) 100vw, 150px\" \/><\/a>\n\t\t\t<\/div>\n\t\t\t\t<figcaption class='wp-caption-text gallery-caption' id='gallery-2-295'>\n\t\t\t\t<br><b>Acerca de nosotros<\/b><\/br>Conoce quienes somos, nuestra misi\u00f3n y visi\u00f3n\n\t\t\t\t<\/figcaption><\/figure><figure class='gallery-item'>\n\t\t\t<div class='gallery-icon landscape'>\n\t\t\t\t<a href=\"https:\/\/rentasvacacionalesmazatlan.com\/index.php\/vida-nocturna-en-mazatlan-2018\/\" class=\"no-lightbox\"><img loading=\"lazy\" decoding=\"async\" width=\"150\" height=\"150\" src=\"https:\/\/rentasvacacionalesmazatlan.com\/wp-content\/uploads\/2018\/09\/Sin-t\u00edtulo-18-150x150.png\" class=\"attachment-thumbnail size-thumbnail\" alt=\"\" aria-describedby=\"gallery-2-267\" \/><\/a>\n\t\t\t<\/div>\n\t\t\t\t<figcaption class='wp-caption-text gallery-caption' id='gallery-2-267'>\n\t\t\t\t<br><b> Vida Nocturna<\/b><\/br>En nuestra secci\u00f3n night life, te brindamos recomendaciones de donde seria el lugar id\u00f3neo para ti, y que pases una noche de fiesta en mazatlan\n\t\t\t\t<\/figcaption><\/figure><figure class='gallery-item'>\n\t\t\t<div class='gallery-icon landscape'>\n\t\t\t\t<a href=\"https:\/\/rentasvacacionalesmazatlan.com\/index.php\/cuales-son-los-mejores-hoteles-en-mazatlan\/\" class=\"no-lightbox\"><img loading=\"lazy\" decoding=\"async\" width=\"150\" height=\"150\" src=\"https:\/\/rentasvacacionalesmazatlan.com\/wp-content\/uploads\/2018\/09\/Sin-t\u00edtulo-19-150x150.png\" class=\"attachment-thumbnail size-thumbnail\" alt=\"\" aria-describedby=\"gallery-2-268\" \/><\/a>\n\t\t\t<\/div>\n\t\t\t\t<figcaption class='wp-caption-text gallery-caption' id='gallery-2-268'>\n\t\t\t\t<br><b>Hoteles En Mazatlan<\/b><\/br>Los mejores hoteles en mazatlan con la mejor ubicaci\u00f3n, compara costos, que es mejor para ti casa u hotel, comp\u00e1ralo tu mismo aqu\u00ed.\n\t\t\t\t<\/figcaption><\/figure><figure class='gallery-item'>\n\t\t\t<div class='gallery-icon landscape'>\n\t\t\t\t<a href=\"https:\/\/rentasvacacionalesmazatlan.com\/index.php\/cuales-son-las-mejores-playas-de-mazatlan\/\" class=\"no-lightbox\"><img loading=\"lazy\" decoding=\"async\" width=\"150\" height=\"150\" src=\"https:\/\/rentasvacacionalesmazatlan.com\/wp-content\/uploads\/2018\/09\/Sin-t\u00edtulo-7-150x150.png\" class=\"attachment-thumbnail size-thumbnail\" alt=\"\" aria-describedby=\"gallery-2-251\" \/><\/a>\n\t\t\t<\/div>\n\t\t\t\t<figcaption class='wp-caption-text gallery-caption' id='gallery-2-251'>\n\t\t\t\t<br><b> Las Mejores Playas De Mazatlan<\/b><\/br> top 5 de las mejores playas en el puerto.\n\t\t\t\t<\/figcaption><\/figure><figure class='gallery-item'>\n\t\t\t<div class='gallery-icon landscape'>\n\t\t\t\t<a href=\"https:\/\/rentasvacacionalesmazatlan.com\/index.php\/2019\/01\/18\/las-pulmonias-de-mazatlan\/\" class=\"no-lightbox\"><img loading=\"lazy\" decoding=\"async\" width=\"150\" height=\"150\" src=\"https:\/\/rentasvacacionalesmazatlan.com\/wp-content\/uploads\/2019\/01\/43503414_257653394942414_5953171221032998645_n1-150x150.jpg\" class=\"attachment-thumbnail size-thumbnail\" alt=\"\" aria-describedby=\"gallery-2-745\" \/><\/a>\n\t\t\t<\/div>\n\t\t\t\t<figcaption class='wp-caption-text gallery-caption' id='gallery-2-745'>\n\t\t\t\t<br><b>Pulmon\u00edas de Mazatl\u00e1n <\/b><\/br> Conoce todo acerca de este peculiar medio de transporte 100% Mazatleco.\n\t\t\t\t<\/figcaption><\/figure><figure class='gallery-item'>\n\t\t\t<div class='gallery-icon landscape'>\n\t\t\t\t<a href=\"https:\/\/rentasvacacionalesmazatlan.com\/index.php\/2019\/01\/18\/el-faro-de-mazatlan\/\" class=\"no-lightbox\"><img loading=\"lazy\" decoding=\"async\" width=\"150\" height=\"150\" src=\"https:\/\/rentasvacacionalesmazatlan.com\/wp-content\/uploads\/2019\/01\/49615166_1189650897853144_9167422941574047842_n1-150x150.jpg\" class=\"attachment-thumbnail size-thumbnail\" alt=\"\" aria-describedby=\"gallery-2-746\" \/><\/a>\n\t\t\t<\/div>\n\t\t\t\t<figcaption class='wp-caption-text gallery-caption' id='gallery-2-746'>\n\t\t\t\t<br><b>El faro de Mazatl\u00e1n<\/b><\/br> Descubre m\u00e1s acerca de uno de los faros naturales mas altos del mundo.\n\t\t\t\t<\/figcaption><\/figure><figure class='gallery-item'>\n\t\t\t<div class='gallery-icon landscape'>\n\t\t\t\t<a href=\"https:\/\/rentasvacacionalesmazatlan.com\/index.php\/2019\/01\/18\/la-cueva-del-diablo-en-mazatlan\/\" class=\"no-lightbox\"><img loading=\"lazy\" decoding=\"async\" width=\"150\" height=\"150\" src=\"https:\/\/rentasvacacionalesmazatlan.com\/wp-content\/uploads\/2019\/01\/34539916_456719361419200_7939113236949893120_n-150x150.jpg\" class=\"attachment-thumbnail size-thumbnail\" alt=\"\" aria-describedby=\"gallery-2-747\" \/><\/a>\n\t\t\t<\/div>\n\t\t\t\t<figcaption class='wp-caption-text gallery-caption' id='gallery-2-747'>\n\t\t\t\t<br><b>La cueva del diablo<\/b><\/br> Te contamos todo sobre este enigm\u00e1tico lugar.\n\t\t\t\t<\/figcaption><\/figure><figure class='gallery-item'>\n\t\t\t<div class='gallery-icon landscape'>\n\t\t\t\t<a href=\"https:\/\/rentasvacacionalesmazatlan.com\/index.php\/2019\/01\/19\/canones-en-mazatlan-el-dia-que-mexico-vencio-a-francia\/\" class=\"no-lightbox\"><img loading=\"lazy\" decoding=\"async\" width=\"150\" height=\"150\" src=\"https:\/\/rentasvacacionalesmazatlan.com\/wp-content\/uploads\/2019\/01\/17883174_1695736340732354_8920996121489178624_n-1-150x150.jpg\" class=\"attachment-thumbnail size-thumbnail\" alt=\"\" aria-describedby=\"gallery-2-748\" srcset=\"https:\/\/rentasvacacionalesmazatlan.com\/wp-content\/uploads\/2019\/01\/17883174_1695736340732354_8920996121489178624_n-1-150x150.jpg 150w, https:\/\/rentasvacacionalesmazatlan.com\/wp-content\/uploads\/2019\/01\/17883174_1695736340732354_8920996121489178624_n-1-300x300.jpg 300w, https:\/\/rentasvacacionalesmazatlan.com\/wp-content\/uploads\/2019\/01\/17883174_1695736340732354_8920996121489178624_n-1.jpg 640w\" sizes=\"auto, (max-width: 150px) 100vw, 150px\" \/><\/a>\n\t\t\t<\/div>\n\t\t\t\t<figcaption class='wp-caption-text gallery-caption' id='gallery-2-748'>\n\t\t\t\t<br><b>Ca\u00f1ones en Mazatl\u00e1n<\/b><\/br> te platicamos sobre el d\u00eda que M\u00e9xico venci\u00f3 a Francia.\n\t\t\t\t<\/figcaption><\/figure><figure class='gallery-item'>\n\t\t\t<div class='gallery-icon landscape'>\n\t\t\t\t<a href=\"https:\/\/rentasvacacionalesmazatlan.com\/index.php\/2019\/01\/19\/malecon-de-mazatlan\/\" class=\"no-lightbox\"><img loading=\"lazy\" decoding=\"async\" width=\"150\" height=\"150\" src=\"https:\/\/rentasvacacionalesmazatlan.com\/wp-content\/uploads\/2019\/01\/49933388_138264000519541_5070009846320747904_n-150x150.jpg\" class=\"attachment-thumbnail size-thumbnail\" alt=\"\" aria-describedby=\"gallery-2-749\" srcset=\"https:\/\/rentasvacacionalesmazatlan.com\/wp-content\/uploads\/2019\/01\/49933388_138264000519541_5070009846320747904_n-150x150.jpg 150w, https:\/\/rentasvacacionalesmazatlan.com\/wp-content\/uploads\/2019\/01\/49933388_138264000519541_5070009846320747904_n-300x300.jpg 300w, https:\/\/rentasvacacionalesmazatlan.com\/wp-content\/uploads\/2019\/01\/49933388_138264000519541_5070009846320747904_n.jpg 640w\" sizes=\"auto, (max-width: 150px) 100vw, 150px\" \/><\/a>\n\t\t\t<\/div>\n\t\t\t\t<figcaption class='wp-caption-text gallery-caption' id='gallery-2-749'>\n\t\t\t\t<br><b>Malec\u00f3n de Mazatl\u00e1n<\/b><\/br> datos curiosos acerca de nuestro malec\u00f3n.\n\t\t\t\t<\/figcaption><\/figure><figure class='gallery-item'>\n\t\t\t<div class='gallery-icon landscape'>\n\t\t\t\t<a href=\"https:\/\/rentasvacacionalesmazatlan.com\/index.php\/2019\/01\/19\/10-cosas-para-hacer-en-mazatlan\/\" class=\"no-lightbox\"><img loading=\"lazy\" decoding=\"async\" width=\"150\" height=\"150\" src=\"https:\/\/rentasvacacionalesmazatlan.com\/wp-content\/uploads\/2019\/01\/49501705_747388195647138_7419297557311613344_n-150x150.jpg\" class=\"attachment-thumbnail size-thumbnail\" alt=\"\" aria-describedby=\"gallery-2-750\" srcset=\"https:\/\/rentasvacacionalesmazatlan.com\/wp-content\/uploads\/2019\/01\/49501705_747388195647138_7419297557311613344_n-150x150.jpg 150w, https:\/\/rentasvacacionalesmazatlan.com\/wp-content\/uploads\/2019\/01\/49501705_747388195647138_7419297557311613344_n-300x300.jpg 300w, https:\/\/rentasvacacionalesmazatlan.com\/wp-content\/uploads\/2019\/01\/49501705_747388195647138_7419297557311613344_n.jpg 640w\" sizes=\"auto, (max-width: 150px) 100vw, 150px\" \/><\/a>\n\t\t\t<\/div>\n\t\t\t\t<figcaption class='wp-caption-text gallery-caption' id='gallery-2-750'>\n\t\t\t\t<br><b>10 cosas para hacer en Mazatl\u00e1n.<\/b><\/br> Actividades recreativas en Mazatl\u00e1n.\n\t\t\t\t<\/figcaption><\/figure><figure class='gallery-item'>\n\t\t\t<div class='gallery-icon landscape'>\n\t\t\t\t<a href=\"https:\/\/rentasvacacionalesmazatlan.com\/index.php\/2019\/01\/19\/zona-dorada\/\" class=\"no-lightbox\"><img loading=\"lazy\" decoding=\"async\" width=\"150\" height=\"150\" src=\"https:\/\/rentasvacacionalesmazatlan.com\/wp-content\/uploads\/2019\/01\/41105239_292870704863835_3017798594626011557_n-150x150.jpg\" class=\"attachment-thumbnail size-thumbnail\" alt=\"\" aria-describedby=\"gallery-2-751\" srcset=\"https:\/\/rentasvacacionalesmazatlan.com\/wp-content\/uploads\/2019\/01\/41105239_292870704863835_3017798594626011557_n-150x150.jpg 150w, https:\/\/rentasvacacionalesmazatlan.com\/wp-content\/uploads\/2019\/01\/41105239_292870704863835_3017798594626011557_n-300x300.jpg 300w, https:\/\/rentasvacacionalesmazatlan.com\/wp-content\/uploads\/2019\/01\/41105239_292870704863835_3017798594626011557_n.jpg 607w\" sizes=\"auto, (max-width: 150px) 100vw, 150px\" \/><\/a>\n\t\t\t<\/div>\n\t\t\t\t<figcaption class='wp-caption-text gallery-caption' id='gallery-2-751'>\n\t\t\t\t<br><b>Zona dorada<\/b><\/br> Descubre mas sobre esta exclusiva zona de Mazatl\u00e1n .\n\t\t\t\t<\/figcaption><\/figure><figure class='gallery-item'>\n\t\t\t<div class='gallery-icon landscape'>\n\t\t\t\t<a href=\"https:\/\/rentasvacacionalesmazatlan.com\/index.php\/2019\/01\/22\/carpa-olivera\/\" class=\"no-lightbox\"><img loading=\"lazy\" decoding=\"async\" width=\"150\" height=\"150\" src=\"https:\/\/rentasvacacionalesmazatlan.com\/wp-content\/uploads\/2019\/01\/32873218_1031390523675824_3555839935875383296_n-150x150.jpg\" class=\"attachment-thumbnail size-thumbnail\" alt=\"\" aria-describedby=\"gallery-2-752\" srcset=\"https:\/\/rentasvacacionalesmazatlan.com\/wp-content\/uploads\/2019\/01\/32873218_1031390523675824_3555839935875383296_n-150x150.jpg 150w, https:\/\/rentasvacacionalesmazatlan.com\/wp-content\/uploads\/2019\/01\/32873218_1031390523675824_3555839935875383296_n-300x300.jpg 300w, https:\/\/rentasvacacionalesmazatlan.com\/wp-content\/uploads\/2019\/01\/32873218_1031390523675824_3555839935875383296_n.jpg 640w\" sizes=\"auto, (max-width: 150px) 100vw, 150px\" \/><\/a>\n\t\t\t<\/div>\n\t\t\t\t<figcaption class='wp-caption-text gallery-caption' id='gallery-2-752'>\n\t\t\t\t<br><b>Carpa olivera<\/b><\/br> alberca natural solo hay 7 en el mundo.\n\t\t\t\t<\/figcaption><\/figure><figure class='gallery-item'>\n\t\t\t<div class='gallery-icon landscape'>\n\t\t\t\t<a href=\"https:\/\/rentasvacacionalesmazatlan.com\/index.php\/2019\/01\/22\/tres-islas-de-mazatlan-reservas-ecologicas-en-mazatlan\/\" class=\"no-lightbox\"><img loading=\"lazy\" decoding=\"async\" width=\"150\" height=\"150\" src=\"https:\/\/rentasvacacionalesmazatlan.com\/wp-content\/uploads\/2019\/01\/49599980_288893695150163_8605715542140413078_n-1-150x150.jpg\" class=\"attachment-thumbnail size-thumbnail\" alt=\"\" aria-describedby=\"gallery-2-756\" \/><\/a>\n\t\t\t<\/div>\n\t\t\t\t<figcaption class='wp-caption-text gallery-caption' id='gallery-2-756'>\n\t\t\t\t<br><b>Tres islas de Mazatl\u00e1n<\/b><\/br> reservas ecol\u00f3gicas en Mazatl\u00e1n.\n\t\t\t\t<\/figcaption><\/figure><figure class='gallery-item'>\n\t\t\t<div class='gallery-icon landscape'>\n\t\t\t\t<a href=\"https:\/\/rentasvacacionalesmazatlan.com\/index.php\/2019\/01\/23\/paseo-olas-altas\/\" class=\"no-lightbox\"><img loading=\"lazy\" decoding=\"async\" width=\"150\" height=\"150\" src=\"https:\/\/rentasvacacionalesmazatlan.com\/wp-content\/uploads\/2019\/01\/44819199_2228947514054867_1641081647502126759_n-150x150.jpg\" class=\"attachment-thumbnail size-thumbnail\" alt=\"\" aria-describedby=\"gallery-2-754\" \/><\/a>\n\t\t\t<\/div>\n\t\t\t\t<figcaption class='wp-caption-text gallery-caption' id='gallery-2-754'>\n\t\t\t\t<br><b>Paseo olas altas<\/b><\/br> Conoce la historia e importancia de este emblem\u00e1tico punto tur\u00edstico.\n\t\t\t\t<\/figcaption><\/figure>\n\t\t<\/div>\n","protected":false},"excerpt":{"rendered":"<p>Booking.com<\/p>\n","protected":false},"author":1,"featured_media":0,"parent":0,"menu_order":0,"comment_status":"closed","ping_status":"closed","template":"","meta":{"om_disable_all_campaigns":false,"_monsterinsights_skip_tracking":false,"_monsterinsights_sitenote_active":false,"_monsterinsights_sitenote_note":"","_monsterinsights_sitenote_category":0,"footnotes":""},"class_list":["post-18","page","type-page","status-publish","hentry"],"yoast_head":"<!-- This site is optimized with the Yoast SEO plugin v26.9 - https:\/\/yoast.com\/product\/yoast-seo-wordpress\/ -->\n<title>Inicio - Hoteles, Casas y departamentos en Mazatlan<\/title>\n<meta name=\"robots\" content=\"index, follow, max-snippet:-1, max-image-preview:large, max-video-preview:-1\" \/>\n<link rel=\"canonical\" href=\"https:\/\/rentasvacacionalesmazatlan.com\/index.php\/propiedades\/\" \/>\n<meta property=\"og:locale\" content=\"es_MX\" \/>\n<meta property=\"og:type\" content=\"article\" \/>\n<meta property=\"og:title\" content=\"Inicio - Hoteles, Casas y departamentos en Mazatlan\" \/>\n<meta property=\"og:description\" content=\"Booking.com\" \/>\n<meta property=\"og:url\" content=\"https:\/\/rentasvacacionalesmazatlan.com\/index.php\/propiedades\/\" \/>\n<meta property=\"og:site_name\" content=\"Hoteles, Casas y departamentos en Mazatlan\" \/>\n<meta property=\"article:modified_time\" content=\"2019-01-23T16:49:03+00:00\" \/>\n<meta property=\"og:image\" content=\"https:\/\/rentasvacacionalesmazatlan.com\/wp-content\/uploads\/2016\/11\/marina-150x150.jpg\" \/>\n<meta name=\"twitter:card\" content=\"summary_large_image\" \/>\n<script type=\"application\/ld+json\" class=\"yoast-schema-graph\">{\"@context\":\"https:\/\/schema.org\",\"@graph\":[{\"@type\":\"WebPage\",\"@id\":\"https:\/\/rentasvacacionalesmazatlan.com\/index.php\/propiedades\/\",\"url\":\"https:\/\/rentasvacacionalesmazatlan.com\/index.php\/propiedades\/\",\"name\":\"Inicio - Hoteles, Casas y departamentos en Mazatlan\",\"isPartOf\":{\"@id\":\"https:\/\/rentasvacacionalesmazatlan.com\/#website\"},\"datePublished\":\"2016-10-24T17:39:20+00:00\",\"dateModified\":\"2019-01-23T16:49:03+00:00\",\"breadcrumb\":{\"@id\":\"https:\/\/rentasvacacionalesmazatlan.com\/index.php\/propiedades\/#breadcrumb\"},\"inLanguage\":\"es\",\"potentialAction\":[{\"@type\":\"ReadAction\",\"target\":[\"https:\/\/rentasvacacionalesmazatlan.com\/index.php\/propiedades\/\"]}]},{\"@type\":\"BreadcrumbList\",\"@id\":\"https:\/\/rentasvacacionalesmazatlan.com\/index.php\/propiedades\/#breadcrumb\",\"itemListElement\":[{\"@type\":\"ListItem\",\"position\":1,\"name\":\"Home\",\"item\":\"https:\/\/rentasvacacionalesmazatlan.com\/\"},{\"@type\":\"ListItem\",\"position\":2,\"name\":\"Inicio\"}]},{\"@type\":\"WebSite\",\"@id\":\"https:\/\/rentasvacacionalesmazatlan.com\/#website\",\"url\":\"https:\/\/rentasvacacionalesmazatlan.com\/\",\"name\":\"Hoteles, Casas y departamentos en Mazatlan\",\"description\":\"\",\"publisher\":{\"@id\":\"https:\/\/rentasvacacionalesmazatlan.com\/#organization\"},\"potentialAction\":[{\"@type\":\"SearchAction\",\"target\":{\"@type\":\"EntryPoint\",\"urlTemplate\":\"https:\/\/rentasvacacionalesmazatlan.com\/?s={search_term_string}\"},\"query-input\":{\"@type\":\"PropertyValueSpecification\",\"valueRequired\":true,\"valueName\":\"search_term_string\"}}],\"inLanguage\":\"es\"},{\"@type\":\"Organization\",\"@id\":\"https:\/\/rentasvacacionalesmazatlan.com\/#organization\",\"name\":\"Rentas Vacacionales Mazatlan\",\"url\":\"https:\/\/rentasvacacionalesmazatlan.com\/\",\"logo\":{\"@type\":\"ImageObject\",\"inLanguage\":\"es\",\"@id\":\"https:\/\/rentasvacacionalesmazatlan.com\/#\/schema\/logo\/image\/\",\"url\":\"https:\/\/rentasvacacionalesmazatlan.com\/wp-content\/uploads\/2019\/01\/logoclean.png\",\"contentUrl\":\"https:\/\/rentasvacacionalesmazatlan.com\/wp-content\/uploads\/2019\/01\/logoclean.png\",\"width\":300,\"height\":50,\"caption\":\"Rentas Vacacionales Mazatlan\"},\"image\":{\"@id\":\"https:\/\/rentasvacacionalesmazatlan.com\/#\/schema\/logo\/image\/\"}}]}<\/script>\n<!-- \/ Yoast SEO plugin. -->","yoast_head_json":{"title":"Inicio - Hoteles, Casas y departamentos en Mazatlan","robots":{"index":"index","follow":"follow","max-snippet":"max-snippet:-1","max-image-preview":"max-image-preview:large","max-video-preview":"max-video-preview:-1"},"canonical":"https:\/\/rentasvacacionalesmazatlan.com\/index.php\/propiedades\/","og_locale":"es_MX","og_type":"article","og_title":"Inicio - Hoteles, Casas y departamentos en Mazatlan","og_description":"Booking.com","og_url":"https:\/\/rentasvacacionalesmazatlan.com\/index.php\/propiedades\/","og_site_name":"Hoteles, Casas y departamentos en Mazatlan","article_modified_time":"2019-01-23T16:49:03+00:00","og_image":[{"url":"https:\/\/rentasvacacionalesmazatlan.com\/wp-content\/uploads\/2016\/11\/marina-150x150.jpg","type":"","width":"","height":""}],"twitter_card":"summary_large_image","schema":{"@context":"https:\/\/schema.org","@graph":[{"@type":"WebPage","@id":"https:\/\/rentasvacacionalesmazatlan.com\/index.php\/propiedades\/","url":"https:\/\/rentasvacacionalesmazatlan.com\/index.php\/propiedades\/","name":"Inicio - Hoteles, Casas y departamentos en Mazatlan","isPartOf":{"@id":"https:\/\/rentasvacacionalesmazatlan.com\/#website"},"datePublished":"2016-10-24T17:39:20+00:00","dateModified":"2019-01-23T16:49:03+00:00","breadcrumb":{"@id":"https:\/\/rentasvacacionalesmazatlan.com\/index.php\/propiedades\/#breadcrumb"},"inLanguage":"es","potentialAction":[{"@type":"ReadAction","target":["https:\/\/rentasvacacionalesmazatlan.com\/index.php\/propiedades\/"]}]},{"@type":"BreadcrumbList","@id":"https:\/\/rentasvacacionalesmazatlan.com\/index.php\/propiedades\/#breadcrumb","itemListElement":[{"@type":"ListItem","position":1,"name":"Home","item":"https:\/\/rentasvacacionalesmazatlan.com\/"},{"@type":"ListItem","position":2,"name":"Inicio"}]},{"@type":"WebSite","@id":"https:\/\/rentasvacacionalesmazatlan.com\/#website","url":"https:\/\/rentasvacacionalesmazatlan.com\/","name":"Hoteles, Casas y departamentos en Mazatlan","description":"","publisher":{"@id":"https:\/\/rentasvacacionalesmazatlan.com\/#organization"},"potentialAction":[{"@type":"SearchAction","target":{"@type":"EntryPoint","urlTemplate":"https:\/\/rentasvacacionalesmazatlan.com\/?s={search_term_string}"},"query-input":{"@type":"PropertyValueSpecification","valueRequired":true,"valueName":"search_term_string"}}],"inLanguage":"es"},{"@type":"Organization","@id":"https:\/\/rentasvacacionalesmazatlan.com\/#organization","name":"Rentas Vacacionales Mazatlan","url":"https:\/\/rentasvacacionalesmazatlan.com\/","logo":{"@type":"ImageObject","inLanguage":"es","@id":"https:\/\/rentasvacacionalesmazatlan.com\/#\/schema\/logo\/image\/","url":"https:\/\/rentasvacacionalesmazatlan.com\/wp-content\/uploads\/2019\/01\/logoclean.png","contentUrl":"https:\/\/rentasvacacionalesmazatlan.com\/wp-content\/uploads\/2019\/01\/logoclean.png","width":300,"height":50,"caption":"Rentas Vacacionales Mazatlan"},"image":{"@id":"https:\/\/rentasvacacionalesmazatlan.com\/#\/schema\/logo\/image\/"}}]}},"jetpack_sharing_enabled":true,"_links":{"self":[{"href":"https:\/\/rentasvacacionalesmazatlan.com\/index.php\/wp-json\/wp\/v2\/pages\/18","targetHints":{"allow":["GET"]}}],"collection":[{"href":"https:\/\/rentasvacacionalesmazatlan.com\/index.php\/wp-json\/wp\/v2\/pages"}],"about":[{"href":"https:\/\/rentasvacacionalesmazatlan.com\/index.php\/wp-json\/wp\/v2\/types\/page"}],"author":[{"embeddable":true,"href":"https:\/\/rentasvacacionalesmazatlan.com\/index.php\/wp-json\/wp\/v2\/users\/1"}],"replies":[{"embeddable":true,"href":"https:\/\/rentasvacacionalesmazatlan.com\/index.php\/wp-json\/wp\/v2\/comments?post=18"}],"version-history":[{"count":32,"href":"https:\/\/rentasvacacionalesmazatlan.com\/index.php\/wp-json\/wp\/v2\/pages\/18\/revisions"}],"predecessor-version":[{"id":757,"href":"https:\/\/rentasvacacionalesmazatlan.com\/index.php\/wp-json\/wp\/v2\/pages\/18\/revisions\/757"}],"wp:attachment":[{"href":"https:\/\/rentasvacacionalesmazatlan.com\/index.php\/wp-json\/wp\/v2\/media?parent=18"}],"curies":[{"name":"wp","href":"https:\/\/api.w.org\/{rel}","templated":true}]}}