{"id":108,"date":"2017-09-25T07:38:01","date_gmt":"2017-09-25T07:38:01","guid":{"rendered":"http:\/\/rentasvacacionalesmazatlan.com\/?page_id=108"},"modified":"2018-11-08T20:11:59","modified_gmt":"2018-11-08T20:11:59","slug":"nosotros","status":"publish","type":"page","link":"https:\/\/rentasvacacionalesmazatlan.com\/index.php\/nosotros\/","title":{"rendered":"Nosotros"},"content":{"rendered":"<p>Un poco de historia, Misi\u00f3n y Visi\u00f3n del grupo Rentas Vacacionales Mazatl\u00e1n<\/p>\n<p>Cualquier duda sugerencia o comentario puede llamarnos a nuestro numero de telefono 6692446309 llamada o whatsapp. como guste<\/p>\n<p><strong>\u00bfQui\u00e9nes somos?<\/strong><\/p>\n<p>Hoteles, Casas y departamentos vacacionales en Mazatl\u00e1n. Surgi\u00f3 por la necesidad de brindar a todos los turistas, tanto nacionales como internacionales, la mejor y mas segura experiencia al momento de planear sus vacaciones en nuestro bello puerto, nosotros contamos con un amplio cat\u00e1logo de propiedades UNICAS, no las encontraras en ning\u00fan otro lugar solo aqu\u00ed con nosotros, si te intereso alguna propiedad de <a href=\"https:\/\/rentasvacacionalesmazatlan.com\/index.php\/catalogo-de-propiedades\/\">nuestro cat\u00e1logo<\/a>, favor de contactar al Licenciado Alfonso Osuna Meza \u00e9l es nuestro intermediario entre las fabulosas propiedades que ofrecemos, una persona honesta, integra y altamente responsable que a sabido llevar un negocio exitoso en el \u00e1mbito tur\u00edstico, la mayor\u00eda de las propiedades que tenemos son de lujo especiales para familias grandes, pero no todos los que visitan nuestra ciudad son grupos grandes, por lo que se pusieron en contacto con un grupo de ingenieros, encargados de desarrollar la plataforma con la cual podr\u00e1s comparar elegir y reservar de forma r\u00e1pida y segura tu estancia en Mazatl\u00e1n, en conjunto con el Licenciado Osuna unieron fuerzas laborales para crear este gran proyecto y brindar un hospedaje seguro y de calidad que se adecue a los intereses de nuestros hospedados. Por ello con el apoyo de la empresa Booking Holdings con sede en Estados Unidos, podemos brindarles a ustedes adem\u00e1s de Casas y departamentos, la facilidad de que reserven en los mejores hoteles de nuestro puerto y todo en un mismo lugar.<\/p>\n<p>&nbsp;<\/p>\n<p><strong>Misi\u00f3n.<\/strong><\/p>\n<p>Brindar reservaciones Seguras y confiables, Tanto de Hoteles, Casas y departamentos en la ciudad de Mazatl\u00e1n, Sinaloa, as\u00ed como generar un motor de comparaci\u00f3n de precios, enfocados tanto a grandes y peque\u00f1os grupos de turistas, as\u00ed como a personas individuales. Antes solo nos enfoc\u00e1bamos en grupos grandes, pero este proyecto tiene la finalidad de atender las necesidades de grupos peque\u00f1os que les es mas viable alquilar una habitaci\u00f3n de hotel.<\/p>\n<p>&nbsp;<\/p>\n<p><strong>Visi\u00f3n.<\/strong><\/p>\n<p>Ser la mejor agencia tur\u00edstica del puerto de Mazatl\u00e1n, contamos con mas de 4 a\u00f1os de experiencia. Y posicionar al puerto de Mazatl\u00e1n, Sinaloa como uno de los m\u00e1s importantes destinos tur\u00edsticos en la republica mexicana.<\/p>\n","protected":false},"excerpt":{"rendered":"<p>Un poco de historia, Misi\u00f3n y Visi\u00f3n del grupo Rentas Vacacionales Mazatl\u00e1n Cualquier duda sugerencia o comentario puede llamarnos a nuestro numero de telefono 6692446309 llamada o whatsapp. como guste \u00bfQui\u00e9nes somos? Hoteles, Casas y departamentos vacacionales en Mazatl\u00e1n. Surgi\u00f3 por la necesidad de brindar a todos los turistas, tanto nacionales como internacionales, la mejor<\/p>\n<div class=\"\" ><a class=\"custom-btn book-sm\" href=\"https:\/\/rentasvacacionalesmazatlan.com\/index.php\/nosotros\/\"><i class=\"fa fa-chevron-circle-right\"><\/i>Read More<\/a><\/div>\n","protected":false},"author":1,"featured_media":0,"parent":0,"menu_order":0,"comment_status":"closed","ping_status":"closed","template":"","meta":{"om_disable_all_campaigns":false,"_monsterinsights_skip_tracking":false,"_monsterinsights_sitenote_active":false,"_monsterinsights_sitenote_note":"","_monsterinsights_sitenote_category":0,"footnotes":""},"class_list":["post-108","page","type-page","status-publish","hentry"],"yoast_head":"<!-- This site is optimized with the Yoast SEO plugin v26.9 - https:\/\/yoast.com\/product\/yoast-seo-wordpress\/ -->\n<title>Nosotros - Hoteles, Casas y departamentos en Mazatlan<\/title>\n<meta name=\"robots\" content=\"index, follow, max-snippet:-1, max-image-preview:large, max-video-preview:-1\" \/>\n<link rel=\"canonical\" href=\"https:\/\/rentasvacacionalesmazatlan.com\/index.php\/nosotros\/\" \/>\n<meta property=\"og:locale\" content=\"es_MX\" \/>\n<meta property=\"og:type\" content=\"article\" \/>\n<meta property=\"og:title\" content=\"Nosotros - Hoteles, Casas y departamentos en Mazatlan\" \/>\n<meta property=\"og:description\" content=\"Un poco de historia, Misi\u00f3n y Visi\u00f3n del grupo Rentas Vacacionales Mazatl\u00e1n Cualquier duda sugerencia o comentario puede llamarnos a nuestro numero de telefono 6692446309 llamada o whatsapp. como guste \u00bfQui\u00e9nes somos? Hoteles, Casas y departamentos vacacionales en Mazatl\u00e1n. Surgi\u00f3 por la necesidad de brindar a todos los turistas, tanto nacionales como internacionales, la mejorRead More\" \/>\n<meta property=\"og:url\" content=\"https:\/\/rentasvacacionalesmazatlan.com\/index.php\/nosotros\/\" \/>\n<meta property=\"og:site_name\" content=\"Hoteles, Casas y departamentos en Mazatlan\" \/>\n<meta property=\"article:modified_time\" content=\"2018-11-08T20:11:59+00:00\" \/>\n<meta name=\"twitter:card\" content=\"summary_large_image\" \/>\n<meta name=\"twitter:label1\" content=\"Tiempo de lectura\" \/>\n\t<meta name=\"twitter:data1\" content=\"2 minutos\" \/>\n<script type=\"application\/ld+json\" class=\"yoast-schema-graph\">{\"@context\":\"https:\/\/schema.org\",\"@graph\":[{\"@type\":\"WebPage\",\"@id\":\"https:\/\/rentasvacacionalesmazatlan.com\/index.php\/nosotros\/\",\"url\":\"https:\/\/rentasvacacionalesmazatlan.com\/index.php\/nosotros\/\",\"name\":\"Nosotros - Hoteles, Casas y departamentos en Mazatlan\",\"isPartOf\":{\"@id\":\"https:\/\/rentasvacacionalesmazatlan.com\/#website\"},\"datePublished\":\"2017-09-25T07:38:01+00:00\",\"dateModified\":\"2018-11-08T20:11:59+00:00\",\"breadcrumb\":{\"@id\":\"https:\/\/rentasvacacionalesmazatlan.com\/index.php\/nosotros\/#breadcrumb\"},\"inLanguage\":\"es\",\"potentialAction\":[{\"@type\":\"ReadAction\",\"target\":[\"https:\/\/rentasvacacionalesmazatlan.com\/index.php\/nosotros\/\"]}]},{\"@type\":\"BreadcrumbList\",\"@id\":\"https:\/\/rentasvacacionalesmazatlan.com\/index.php\/nosotros\/#breadcrumb\",\"itemListElement\":[{\"@type\":\"ListItem\",\"position\":1,\"name\":\"Home\",\"item\":\"https:\/\/rentasvacacionalesmazatlan.com\/\"},{\"@type\":\"ListItem\",\"position\":2,\"name\":\"Nosotros\"}]},{\"@type\":\"WebSite\",\"@id\":\"https:\/\/rentasvacacionalesmazatlan.com\/#website\",\"url\":\"https:\/\/rentasvacacionalesmazatlan.com\/\",\"name\":\"Hoteles, Casas y departamentos en Mazatlan\",\"description\":\"\",\"publisher\":{\"@id\":\"https:\/\/rentasvacacionalesmazatlan.com\/#organization\"},\"potentialAction\":[{\"@type\":\"SearchAction\",\"target\":{\"@type\":\"EntryPoint\",\"urlTemplate\":\"https:\/\/rentasvacacionalesmazatlan.com\/?s={search_term_string}\"},\"query-input\":{\"@type\":\"PropertyValueSpecification\",\"valueRequired\":true,\"valueName\":\"search_term_string\"}}],\"inLanguage\":\"es\"},{\"@type\":\"Organization\",\"@id\":\"https:\/\/rentasvacacionalesmazatlan.com\/#organization\",\"name\":\"Rentas Vacacionales Mazatlan\",\"url\":\"https:\/\/rentasvacacionalesmazatlan.com\/\",\"logo\":{\"@type\":\"ImageObject\",\"inLanguage\":\"es\",\"@id\":\"https:\/\/rentasvacacionalesmazatlan.com\/#\/schema\/logo\/image\/\",\"url\":\"https:\/\/rentasvacacionalesmazatlan.com\/wp-content\/uploads\/2019\/01\/logoclean.png\",\"contentUrl\":\"https:\/\/rentasvacacionalesmazatlan.com\/wp-content\/uploads\/2019\/01\/logoclean.png\",\"width\":300,\"height\":50,\"caption\":\"Rentas Vacacionales Mazatlan\"},\"image\":{\"@id\":\"https:\/\/rentasvacacionalesmazatlan.com\/#\/schema\/logo\/image\/\"}}]}<\/script>\n<!-- \/ Yoast SEO plugin. -->","yoast_head_json":{"title":"Nosotros - Hoteles, Casas y departamentos en Mazatlan","robots":{"index":"index","follow":"follow","max-snippet":"max-snippet:-1","max-image-preview":"max-image-preview:large","max-video-preview":"max-video-preview:-1"},"canonical":"https:\/\/rentasvacacionalesmazatlan.com\/index.php\/nosotros\/","og_locale":"es_MX","og_type":"article","og_title":"Nosotros - Hoteles, Casas y departamentos en Mazatlan","og_description":"Un poco de historia, Misi\u00f3n y Visi\u00f3n del grupo Rentas Vacacionales Mazatl\u00e1n Cualquier duda sugerencia o comentario puede llamarnos a nuestro numero de telefono 6692446309 llamada o whatsapp. como guste \u00bfQui\u00e9nes somos? Hoteles, Casas y departamentos vacacionales en Mazatl\u00e1n. Surgi\u00f3 por la necesidad de brindar a todos los turistas, tanto nacionales como internacionales, la mejorRead More","og_url":"https:\/\/rentasvacacionalesmazatlan.com\/index.php\/nosotros\/","og_site_name":"Hoteles, Casas y departamentos en Mazatlan","article_modified_time":"2018-11-08T20:11:59+00:00","twitter_card":"summary_large_image","twitter_misc":{"Tiempo de lectura":"2 minutos"},"schema":{"@context":"https:\/\/schema.org","@graph":[{"@type":"WebPage","@id":"https:\/\/rentasvacacionalesmazatlan.com\/index.php\/nosotros\/","url":"https:\/\/rentasvacacionalesmazatlan.com\/index.php\/nosotros\/","name":"Nosotros - Hoteles, Casas y departamentos en Mazatlan","isPartOf":{"@id":"https:\/\/rentasvacacionalesmazatlan.com\/#website"},"datePublished":"2017-09-25T07:38:01+00:00","dateModified":"2018-11-08T20:11:59+00:00","breadcrumb":{"@id":"https:\/\/rentasvacacionalesmazatlan.com\/index.php\/nosotros\/#breadcrumb"},"inLanguage":"es","potentialAction":[{"@type":"ReadAction","target":["https:\/\/rentasvacacionalesmazatlan.com\/index.php\/nosotros\/"]}]},{"@type":"BreadcrumbList","@id":"https:\/\/rentasvacacionalesmazatlan.com\/index.php\/nosotros\/#breadcrumb","itemListElement":[{"@type":"ListItem","position":1,"name":"Home","item":"https:\/\/rentasvacacionalesmazatlan.com\/"},{"@type":"ListItem","position":2,"name":"Nosotros"}]},{"@type":"WebSite","@id":"https:\/\/rentasvacacionalesmazatlan.com\/#website","url":"https:\/\/rentasvacacionalesmazatlan.com\/","name":"Hoteles, Casas y departamentos en Mazatlan","description":"","publisher":{"@id":"https:\/\/rentasvacacionalesmazatlan.com\/#organization"},"potentialAction":[{"@type":"SearchAction","target":{"@type":"EntryPoint","urlTemplate":"https:\/\/rentasvacacionalesmazatlan.com\/?s={search_term_string}"},"query-input":{"@type":"PropertyValueSpecification","valueRequired":true,"valueName":"search_term_string"}}],"inLanguage":"es"},{"@type":"Organization","@id":"https:\/\/rentasvacacionalesmazatlan.com\/#organization","name":"Rentas Vacacionales Mazatlan","url":"https:\/\/rentasvacacionalesmazatlan.com\/","logo":{"@type":"ImageObject","inLanguage":"es","@id":"https:\/\/rentasvacacionalesmazatlan.com\/#\/schema\/logo\/image\/","url":"https:\/\/rentasvacacionalesmazatlan.com\/wp-content\/uploads\/2019\/01\/logoclean.png","contentUrl":"https:\/\/rentasvacacionalesmazatlan.com\/wp-content\/uploads\/2019\/01\/logoclean.png","width":300,"height":50,"caption":"Rentas Vacacionales Mazatlan"},"image":{"@id":"https:\/\/rentasvacacionalesmazatlan.com\/#\/schema\/logo\/image\/"}}]}},"jetpack_sharing_enabled":true,"_links":{"self":[{"href":"https:\/\/rentasvacacionalesmazatlan.com\/index.php\/wp-json\/wp\/v2\/pages\/108","targetHints":{"allow":["GET"]}}],"collection":[{"href":"https:\/\/rentasvacacionalesmazatlan.com\/index.php\/wp-json\/wp\/v2\/pages"}],"about":[{"href":"https:\/\/rentasvacacionalesmazatlan.com\/index.php\/wp-json\/wp\/v2\/types\/page"}],"author":[{"embeddable":true,"href":"https:\/\/rentasvacacionalesmazatlan.com\/index.php\/wp-json\/wp\/v2\/users\/1"}],"replies":[{"embeddable":true,"href":"https:\/\/rentasvacacionalesmazatlan.com\/index.php\/wp-json\/wp\/v2\/comments?post=108"}],"version-history":[{"count":6,"href":"https:\/\/rentasvacacionalesmazatlan.com\/index.php\/wp-json\/wp\/v2\/pages\/108\/revisions"}],"predecessor-version":[{"id":343,"href":"https:\/\/rentasvacacionalesmazatlan.com\/index.php\/wp-json\/wp\/v2\/pages\/108\/revisions\/343"}],"wp:attachment":[{"href":"https:\/\/rentasvacacionalesmazatlan.com\/index.php\/wp-json\/wp\/v2\/media?parent=108"}],"curies":[{"name":"wp","href":"https:\/\/api.w.org\/{rel}","templated":true}]}}